{"id":1029,"date":"2023-04-25T09:14:47","date_gmt":"2023-04-25T09:14:47","guid":{"rendered":"https:\/\/es.b2b.systems\/?page_id=1029"},"modified":"2023-04-25T09:16:16","modified_gmt":"2023-04-25T09:16:16","slug":"politica-privacidad-2","status":"publish","type":"page","link":"https:\/\/es.b2b.systems\/?page_id=1029","title":{"rendered":"Seguridad de la informaci\u00f3n"},"content":{"rendered":"\t\t<div data-elementor-type=\"wp-page\" data-elementor-id=\"1029\" class=\"elementor elementor-1029\">\n\t\t\t\t\t\t<section class=\"elementor-section elementor-top-section elementor-element elementor-element-a127562 elementor-section-height-min-height elementor-section-full_width elementor-section-stretched elementor-section-height-default elementor-section-items-middle\" data-id=\"a127562\" data-element_type=\"section\" data-settings=\"{&quot;background_background&quot;:&quot;gradient&quot;,&quot;stretch_section&quot;:&quot;section-stretched&quot;}\">\n\t\t\t\t\t\t\t<div class=\"elementor-background-overlay\"><\/div>\n\t\t\t\t\t\t\t<div class=\"elementor-container elementor-column-gap-default\">\n\t\t\t\t\t<div class=\"elementor-column elementor-col-100 elementor-top-column elementor-element elementor-element-98d703a\" data-id=\"98d703a\" data-element_type=\"column\">\n\t\t\t<div class=\"elementor-widget-wrap elementor-element-populated\">\n\t\t\t\t\t\t<div class=\"elementor-element elementor-element-6b7382a elementor-widget elementor-widget-heading\" data-id=\"6b7382a\" data-element_type=\"widget\" data-widget_type=\"heading.default\">\n\t\t\t\t<div class=\"elementor-widget-container\">\n\t\t\t<style>\/*! elementor - v3.21.0 - 26-05-2024 *\/\n.elementor-heading-title{padding:0;margin:0;line-height:1}.elementor-widget-heading .elementor-heading-title[class*=elementor-size-]>a{color:inherit;font-size:inherit;line-height:inherit}.elementor-widget-heading .elementor-heading-title.elementor-size-small{font-size:15px}.elementor-widget-heading .elementor-heading-title.elementor-size-medium{font-size:19px}.elementor-widget-heading .elementor-heading-title.elementor-size-large{font-size:29px}.elementor-widget-heading .elementor-heading-title.elementor-size-xl{font-size:39px}.elementor-widget-heading .elementor-heading-title.elementor-size-xxl{font-size:59px}<\/style><h2 class=\"elementor-heading-title elementor-size-large\">Pol\u00edtica de Seguridad de la Informaci\u00f3n<\/h2>\t\t<\/div>\n\t\t\t\t<\/div>\n\t\t\t\t\t<\/div>\n\t\t<\/div>\n\t\t\t\t\t<\/div>\n\t\t<\/section>\n\t\t\t\t<section class=\"elementor-section elementor-top-section elementor-element elementor-element-2d3c1b7a elementor-section-stretched elementor-section-boxed elementor-section-height-default elementor-section-height-default\" data-id=\"2d3c1b7a\" data-element_type=\"section\" data-settings=\"{&quot;stretch_section&quot;:&quot;section-stretched&quot;}\">\n\t\t\t\t\t\t<div class=\"elementor-container elementor-column-gap-default\">\n\t\t\t\t\t<div class=\"elementor-column elementor-col-100 elementor-top-column elementor-element elementor-element-1dd6301a\" data-id=\"1dd6301a\" data-element_type=\"column\">\n\t\t\t<div class=\"elementor-widget-wrap elementor-element-populated\">\n\t\t\t\t\t\t<section class=\"elementor-section elementor-inner-section elementor-element elementor-element-141813c9 elementor-section-boxed elementor-section-height-default elementor-section-height-default\" data-id=\"141813c9\" data-element_type=\"section\">\n\t\t\t\t\t\t<div class=\"elementor-container elementor-column-gap-default\">\n\t\t\t\t\t<div class=\"elementor-column elementor-col-100 elementor-inner-column elementor-element elementor-element-4e0dc4f4\" data-id=\"4e0dc4f4\" data-element_type=\"column\">\n\t\t\t<div class=\"elementor-widget-wrap elementor-element-populated\">\n\t\t\t\t\t\t<div class=\"elementor-element elementor-element-5963934e elementor-widget elementor-widget-text-editor\" data-id=\"5963934e\" data-element_type=\"widget\" data-widget_type=\"text-editor.default\">\n\t\t\t\t<div class=\"elementor-widget-container\">\n\t\t\t<style>\/*! elementor - v3.21.0 - 26-05-2024 *\/\n.elementor-widget-text-editor.elementor-drop-cap-view-stacked .elementor-drop-cap{background-color:#69727d;color:#fff}.elementor-widget-text-editor.elementor-drop-cap-view-framed .elementor-drop-cap{color:#69727d;border:3px solid;background-color:transparent}.elementor-widget-text-editor:not(.elementor-drop-cap-view-default) .elementor-drop-cap{margin-top:8px}.elementor-widget-text-editor:not(.elementor-drop-cap-view-default) .elementor-drop-cap-letter{width:1em;height:1em}.elementor-widget-text-editor .elementor-drop-cap{float:left;text-align:center;line-height:1;font-size:50px}.elementor-widget-text-editor .elementor-drop-cap-letter{display:inline-block}<\/style>\t\t\t\t<p style=\"font-weight: 400;\">Debido a nuestra actividad de\u00a0<strong>Actividades de Consultor\u00eda de Software\u00a0<\/strong><em>(desde la instalaci\u00f3n y configuraci\u00f3n de productos adquiridos por el cliente hasta consultor\u00eda, auditor\u00eda, dise\u00f1o y desarrollo de Software, desarrollos adicionales al producto para &#8220;customizar&#8221; las herramientas entre otros<\/em>),\u00a0en <strong>B2B SOLUTIONS<\/strong> sabemos que la informaci\u00f3n es un activo con un elevado valor tanto para nuestra organizaci\u00f3n como para nuestros clientes y requiere, por lo tanto, una protecci\u00f3n y gesti\u00f3n adecuadas con el fin de dar continuidad a nuestra l\u00ednea de negocio y minimizar los posibles da\u00f1os ocasionados por fallos con respecto a la integridad, disponibilidad y confidencialidad de la informaci\u00f3n.<\/p><p style=\"font-weight: 400;\">Para todo ello <strong>B2B SOLUTIONS<\/strong> adquiere los siguientes compromisos:<\/p>\t\t\t\t\t\t<\/div>\n\t\t\t\t<\/div>\n\t\t\t\t<div class=\"elementor-element elementor-element-7d8dfc59 elementor-widget elementor-widget-text-editor\" data-id=\"7d8dfc59\" data-element_type=\"widget\" data-widget_type=\"text-editor.default\">\n\t\t\t\t<div class=\"elementor-widget-container\">\n\t\t\t\t\t\t\t<ul><li style=\"font-weight: 400;\"><em>La voluntad permanente de <strong>B2B SOLUTIONS\u00a0<\/strong>en materia de Gesti\u00f3n de la Seguridad de la Informaci\u00f3n se pondr\u00e1 de manifiesto a trav\u00e9s de programas de formaci\u00f3n y sensibilizaci\u00f3n que fomenten la gesti\u00f3n participativa en esos \u00e1mbitos, posibilitando que las habilidades del personal sean utilizadas para la mejora continua del proceso productivo.<\/em><\/li><li style=\"font-weight: 400;\"><em>Para garantizar el desarrollo de sus actividades dentro de la normativa y reglamentaci\u00f3n aplicable, se dar\u00e1 cumplimiento a la legislaci\u00f3n, as\u00ed como a otros requisitos suscritos con sus clientes incluyendo los referentes a la Seguridad de la Informaci\u00f3n.<\/em><\/li><li style=\"font-weight: 400;\"><em>Cumplir con los requisitos y mejorar de forma continua la eficacia del Sistema de Gesti\u00f3n de la Seguridad de la Informaci\u00f3n, mediante la implantaci\u00f3n de sistemas de medici\u00f3n y seguimiento de las soluciones y desarrollos realizados para nuestros clientes, as\u00ed como de objetivos de Seguridad de la Informaci\u00f3n.<\/em><\/li><li style=\"font-weight: 400;\"><em>Asegurar la continuidad del negocio desarrollando planes de continuidad conformes a metodolog\u00edas reconocidas.<\/em><\/li><li style=\"font-weight: 400;\"><em>Realizar y revisar peri\u00f3dicamente un an\u00e1lisis de riesgos basados en m\u00e9todos reconocidos que nos permitan establecer el nivel de seguridad de la informaci\u00f3n y minimizar los riesgos mediante el desarrollo de pol\u00edticas espec\u00edficas, soluciones t\u00e9cnicas y acuerdos contractuales con organizaciones especializadas.<\/em><\/li><li style=\"font-weight: 400;\"><em>EL personal de\u00a0<strong>B2B SOLUTIONS\u00a0<\/strong>desarrollar\u00e1 su trabajo orientado a la consecuci\u00f3n de los objetivos marcados y de acuerdo, en todo momento, con los requisitos legales.<\/em><\/li><\/ul><p style=\"font-weight: 400;\">\u00a0<\/p>\t\t\t\t\t\t<\/div>\n\t\t\t\t<\/div>\n\t\t\t\t<div class=\"elementor-element elementor-element-671a294b elementor-widget elementor-widget-text-editor\" data-id=\"671a294b\" data-element_type=\"widget\" data-widget_type=\"text-editor.default\">\n\t\t\t\t<div class=\"elementor-widget-container\">\n\t\t\t\t\t\t\t<p style=\"font-weight: 400;\">Esta pol\u00edtica ser\u00e1 revisada con una periodicidad m\u00e1xima anual.<\/p><p style=\"font-weight: 400;\">\u00a0 \u00a0 \u00a0 \u00a0Direcci\u00f3n<\/p><p style=\"font-weight: 400;\">\u00a0 \u00a0 \u00a0 \u00a010\/08\/2020\u00a0<\/p>\t\t\t\t\t\t<\/div>\n\t\t\t\t<\/div>\n\t\t\t\t\t<\/div>\n\t\t<\/div>\n\t\t\t\t\t<\/div>\n\t\t<\/section>\n\t\t\t\t\t<\/div>\n\t\t<\/div>\n\t\t\t\t\t<\/div>\n\t\t<\/section>\n\t\t\t\t<\/div>\n\t\t","protected":false},"excerpt":{"rendered":"<p>Pol\u00edtica de Seguridad de la Informaci\u00f3n Debido a nuestra actividad de\u00a0Actividades de Consultor\u00eda de Software\u00a0(desde la instalaci\u00f3n y configuraci\u00f3n de productos adquiridos por el cliente hasta consultor\u00eda, auditor\u00eda, dise\u00f1o y desarrollo de Software, desarrollos adicionales al producto para &#8220;customizar&#8221; las herramientas entre otros),\u00a0en B2B SOLUTIONS sabemos que la informaci\u00f3n es un activo con un elevado [&hellip;]<\/p>\n","protected":false},"author":1,"featured_media":0,"parent":0,"menu_order":1,"comment_status":"closed","ping_status":"closed","template":"","meta":{"footnotes":""},"_links":{"self":[{"href":"https:\/\/es.b2b.systems\/index.php?rest_route=\/wp\/v2\/pages\/1029"}],"collection":[{"href":"https:\/\/es.b2b.systems\/index.php?rest_route=\/wp\/v2\/pages"}],"about":[{"href":"https:\/\/es.b2b.systems\/index.php?rest_route=\/wp\/v2\/types\/page"}],"author":[{"embeddable":true,"href":"https:\/\/es.b2b.systems\/index.php?rest_route=\/wp\/v2\/users\/1"}],"replies":[{"embeddable":true,"href":"https:\/\/es.b2b.systems\/index.php?rest_route=%2Fwp%2Fv2%2Fcomments&post=1029"}],"version-history":[{"count":5,"href":"https:\/\/es.b2b.systems\/index.php?rest_route=\/wp\/v2\/pages\/1029\/revisions"}],"predecessor-version":[{"id":1035,"href":"https:\/\/es.b2b.systems\/index.php?rest_route=\/wp\/v2\/pages\/1029\/revisions\/1035"}],"wp:attachment":[{"href":"https:\/\/es.b2b.systems\/index.php?rest_route=%2Fwp%2Fv2%2Fmedia&parent=1029"}],"curies":[{"name":"wp","href":"https:\/\/api.w.org\/{rel}","templated":true}]}}